{"id":1761,"date":"2024-06-24T20:21:14","date_gmt":"2024-06-24T20:21:14","guid":{"rendered":"https:\/\/thomasheyer.com\/?page_id=1761"},"modified":"2026-02-03T19:46:32","modified_gmt":"2026-02-03T19:46:32","slug":"schueler","status":"publish","type":"page","link":"https:\/\/thomasheyer.com\/en\/schueler\/","title":{"rendered":"Sch\u00fcler"},"content":{"rendered":"<div class=\"wp-block-group is-layout-flow wp-block-group-is-layout-flow\" style=\"padding-right:0;padding-left:0\">\n<div class=\"wp-block-columns is-layout-flex wp-container-core-columns-is-layout-28f84493 wp-block-columns-is-layout-flex\">\n<div class=\"wp-block-column is-vertically-aligned-center is-layout-flow wp-block-column-is-layout-flow\" style=\"padding-left:var(--wp--preset--spacing--30);flex-basis:5%\"><\/div>\n\n\n\n<div class=\"wp-block-column is-vertically-aligned-center is-layout-flow wp-container-core-column-is-layout-e719beeb wp-block-column-is-layout-flow\" style=\"padding-right:var(--wp--preset--spacing--30);padding-left:var(--wp--preset--spacing--30);flex-basis:90%\">\n<div class=\"wp-block-group is-layout-flow wp-block-group-is-layout-flow\" style=\"border-top-left-radius:10px;border-top-right-radius:10px;border-bottom-left-radius:10px;border-bottom-right-radius:10px;border-top-width:2px;border-bottom-width:2px;padding-right:0;padding-left:0\">\n<div style=\"height:13px\" aria-hidden=\"true\" class=\"wp-block-spacer\"><\/div>\n\n\n\n<h2 class=\"wp-block-heading has-text-align-center\">Meine Sch\u00fclerinnen und Sch\u00fcler<\/h2>\n\n\n\n<div class=\"wp-block-group is-layout-flow wp-block-group-is-layout-flow\" style=\"padding-right:var(--wp--preset--spacing--30)\">\n<div class=\"wp-block-uagb-slider uagb-block-7de95caf uagb-slider-container\"><div class=\"uagb-slides uagb-swiper\"><div class=\"swiper-wrapper\">\n<div class=\"wp-block-uagb-slider-child uagb-slider-child-wrap swiper-slide uagb-block-fbe0c141\"><div class=\"swiper-content\">\n<div class=\"wp-block-uagb-container uagb-block-13f768ec alignfull uagb-is-root-container\"><div class=\"uagb-container-inner-blocks-wrap\">\n<figure class=\"wp-block-image aligncenter size-full has-custom-border is-style-default\"><img loading=\"lazy\" decoding=\"async\" width=\"655\" height=\"491\" src=\"https:\/\/thomasheyer-com.preview-domain.com\/wp-content\/uploads\/2024\/07\/Gesangsklasse_Heyer.webp\" alt=\"\" class=\"wp-image-2290\" style=\"border-radius:10px;object-fit:cover\" srcset=\"https:\/\/thomasheyer.com\/wp-content\/uploads\/2024\/07\/Gesangsklasse_Heyer.webp 655w, https:\/\/thomasheyer.com\/wp-content\/uploads\/2024\/07\/Gesangsklasse_Heyer-300x225.webp 300w\" sizes=\"auto, (max-width: 655px) 100vw, 655px\" \/><\/figure>\n\n\n\n<p class=\"has-text-align-center\"><strong>Gesangsklasse Heyer 2022<\/strong><\/p>\n<\/div><\/div>\n<\/div><\/div>\n\n\n\n<div class=\"wp-block-uagb-slider-child uagb-slider-child-wrap swiper-slide uagb-block-06197f57\"><div class=\"swiper-content\">\n<div class=\"wp-block-uagb-container uagb-block-3b1cee18 alignfull uagb-is-root-container\"><div class=\"uagb-container-inner-blocks-wrap\">\n<figure class=\"wp-block-image aligncenter size-full has-custom-border is-style-default\"><img loading=\"lazy\" decoding=\"async\" width=\"606\" height=\"378\" src=\"https:\/\/thomasheyer-com.preview-domain.com\/wp-content\/uploads\/2024\/07\/Gesangsklasse_2017.webp\" alt=\"\" class=\"wp-image-2386\" style=\"border-radius:10px;object-fit:cover\" srcset=\"https:\/\/thomasheyer.com\/wp-content\/uploads\/2024\/07\/Gesangsklasse_2017.webp 606w, https:\/\/thomasheyer.com\/wp-content\/uploads\/2024\/07\/Gesangsklasse_2017-300x187.webp 300w\" sizes=\"auto, (max-width: 606px) 100vw, 606px\" \/><\/figure>\n\n\n\n<p class=\"has-text-align-center\"><strong>Gesangsklasse Heyer 2017<\/strong><\/p>\n<\/div><\/div>\n<\/div><\/div>\n\n\n\n<div class=\"wp-block-uagb-slider-child uagb-slider-child-wrap swiper-slide uagb-block-9e411d7e\"><div class=\"swiper-content\">\n<div class=\"wp-block-uagb-container uagb-block-29784bec alignfull uagb-is-root-container\"><div class=\"uagb-container-inner-blocks-wrap\">\n<figure class=\"wp-block-image aligncenter size-full has-custom-border is-style-default\"><img loading=\"lazy\" decoding=\"async\" width=\"606\" height=\"403\" src=\"https:\/\/thomasheyer-com.preview-domain.com\/wp-content\/uploads\/2024\/07\/Gesangsklasse_2015.webp\" alt=\"\" class=\"wp-image-2391\" style=\"border-radius:10px;object-fit:cover\" srcset=\"https:\/\/thomasheyer.com\/wp-content\/uploads\/2024\/07\/Gesangsklasse_2015.webp 606w, https:\/\/thomasheyer.com\/wp-content\/uploads\/2024\/07\/Gesangsklasse_2015-300x200.webp 300w\" sizes=\"auto, (max-width: 606px) 100vw, 606px\" \/><\/figure>\n\n\n\n<p class=\"has-text-align-center\"><strong>Gesangsklasse Heyer 2015<\/strong><\/p>\n<\/div><\/div>\n<\/div><\/div>\n\n\n\n<div class=\"wp-block-uagb-slider-child uagb-slider-child-wrap swiper-slide uagb-block-03e582dd\"><div class=\"swiper-content\">\n<div class=\"wp-block-uagb-container uagb-block-78960c6e alignfull uagb-is-root-container\"><div class=\"uagb-container-inner-blocks-wrap\">\n<figure class=\"wp-block-image aligncenter size-full has-custom-border is-style-default\"><img loading=\"lazy\" decoding=\"async\" width=\"605\" height=\"455\" src=\"https:\/\/thomasheyer-com.preview-domain.com\/wp-content\/uploads\/2024\/07\/Gesangsklasse_2009.webp\" alt=\"\" class=\"wp-image-2390\" style=\"border-radius:10px;object-fit:cover\" srcset=\"https:\/\/thomasheyer.com\/wp-content\/uploads\/2024\/07\/Gesangsklasse_2009.webp 605w, https:\/\/thomasheyer.com\/wp-content\/uploads\/2024\/07\/Gesangsklasse_2009-300x226.webp 300w\" sizes=\"auto, (max-width: 605px) 100vw, 605px\" \/><\/figure>\n\n\n\n<p class=\"has-text-align-center\"><strong>Gesangsklasse Heyer 2009<\/strong><\/p>\n<\/div><\/div>\n<\/div><\/div>\n\n\n\n<div class=\"wp-block-uagb-slider-child uagb-slider-child-wrap swiper-slide uagb-block-5ecf786f\"><div class=\"swiper-content\">\n<div class=\"wp-block-uagb-container uagb-block-7b5b047a alignfull uagb-is-root-container\"><div class=\"uagb-container-inner-blocks-wrap\">\n<figure class=\"wp-block-image aligncenter size-full has-custom-border is-style-default\"><img loading=\"lazy\" decoding=\"async\" width=\"606\" height=\"455\" src=\"https:\/\/thomasheyer-com.preview-domain.com\/wp-content\/uploads\/2024\/07\/Gesangsklasse_2008.webp\" alt=\"\" class=\"wp-image-2389\" style=\"border-radius:10px;object-fit:cover\" srcset=\"https:\/\/thomasheyer.com\/wp-content\/uploads\/2024\/07\/Gesangsklasse_2008.webp 606w, https:\/\/thomasheyer.com\/wp-content\/uploads\/2024\/07\/Gesangsklasse_2008-300x225.webp 300w\" sizes=\"auto, (max-width: 606px) 100vw, 606px\" \/><\/figure>\n\n\n\n<p class=\"has-text-align-center\"><strong>Gesangsklasse Heyer 2008<\/strong><\/p>\n<\/div><\/div>\n<\/div><\/div>\n\n\n\n<div class=\"wp-block-uagb-slider-child uagb-slider-child-wrap swiper-slide uagb-block-586422d0\"><div class=\"swiper-content\">\n<div class=\"wp-block-uagb-container uagb-block-9eef1deb alignfull uagb-is-root-container\"><div class=\"uagb-container-inner-blocks-wrap\">\n<figure class=\"wp-block-image aligncenter size-full has-custom-border is-style-default\"><img loading=\"lazy\" decoding=\"async\" width=\"606\" height=\"456\" src=\"https:\/\/thomasheyer-com.preview-domain.com\/wp-content\/uploads\/2024\/07\/Gesangsklasse_2005.png\" alt=\"\" class=\"wp-image-2388\" style=\"border-radius:10px;object-fit:cover\" srcset=\"https:\/\/thomasheyer.com\/wp-content\/uploads\/2024\/07\/Gesangsklasse_2005.png 606w, https:\/\/thomasheyer.com\/wp-content\/uploads\/2024\/07\/Gesangsklasse_2005-300x226.png 300w\" sizes=\"auto, (max-width: 606px) 100vw, 606px\" \/><\/figure>\n\n\n\n<p class=\"has-text-align-center\"><strong>Gesangsklasse Heyer 2005<\/strong><\/p>\n<\/div><\/div>\n<\/div><\/div>\n\n\n\n<div class=\"wp-block-uagb-slider-child uagb-slider-child-wrap swiper-slide uagb-block-ff8a3b17\"><div class=\"swiper-content\">\n<div class=\"wp-block-uagb-container uagb-block-36c8b0d8 alignfull uagb-is-root-container\"><div class=\"uagb-container-inner-blocks-wrap\">\n<figure class=\"wp-block-image aligncenter size-full has-custom-border is-style-default\"><img loading=\"lazy\" decoding=\"async\" width=\"606\" height=\"456\" src=\"https:\/\/thomasheyer-com.preview-domain.com\/wp-content\/uploads\/2024\/07\/Gesangsklasse_2004.png\" alt=\"\" class=\"wp-image-2387\" style=\"border-radius:10px;object-fit:cover\" srcset=\"https:\/\/thomasheyer.com\/wp-content\/uploads\/2024\/07\/Gesangsklasse_2004.png 606w, https:\/\/thomasheyer.com\/wp-content\/uploads\/2024\/07\/Gesangsklasse_2004-300x226.png 300w\" sizes=\"auto, (max-width: 606px) 100vw, 606px\" \/><\/figure>\n\n\n\n<p class=\"has-text-align-center\"><strong>Gesangsklasse Heyer 2004<\/strong><\/p>\n<\/div><\/div>\n<\/div><\/div>\n<\/div><\/div><div class=\"swiper-pagination\"><\/div><div class=\"swiper-button-prev\"><\/div><div class=\"swiper-button-next\"><\/div><\/div>\n<\/div>\n\n\n\n<p><br>In der Gesangsklasse Heyer studieren und studierten S\u00e4ngerpers\u00f6nlichkeiten aus \u00fcber 10 Nationen. Viele Sch\u00fcler und Studenten sind an fast allen deutschen Theatern und vielen verschiedenen Opernh\u00e4usern Europas und Nordamerikas engagiert (Hamburger Staatsoper, Wiener Staatsoper, M\u00fcnchener Staatsoper, Mail\u00e4nder Scala u.a.)&nbsp;und Konzerts\u00e4nger oder erfolgreiche Dozenten und Professoren an Hochschulen oder Musikschulen. Dazu kommen erste Preise bei verschiedenen Wettbewerben: Bilbao Singing Competition, Internationaler Musikwettbewerb K\u00f6ln, Jan Kipura Singing Competition, Bundeswettbewerb Gesang u.a.<\/p>\n\n\n\n<p>Hier finden Sie neben aktuellen Informationen zu den Erfolgen der Studierenden auch Informationen zu Kursen mit Prof. Heyer:<\/p>\n\n\n\n<a href=\"https:\/\/www.facebook.com\/Man-singt-nur-mit-dem-Herzen-gut-164485133594385\/?ref=bookmarks\">\n\n\n\n<div class=\"wp-block-group has-global-padding is-layout-constrained wp-container-core-group-is-layout-6a4fc3b9 wp-block-group-is-layout-constrained\" style=\"padding-top:var(--wp--preset--spacing--30);padding-bottom:var(--wp--preset--spacing--30)\">\n<div class=\"wp-block-columns is-layout-flex wp-container-core-columns-is-layout-28f84493 wp-block-columns-is-layout-flex\" style=\"border-width:2px\">\n<div class=\"wp-block-column is-layout-flow wp-block-column-is-layout-flow\"><\/div>\n\n\n\n<div class=\"wp-block-column is-vertically-aligned-center is-layout-flow wp-block-column-is-layout-flow\" style=\"flex-basis:40px\">      \n\t\t\t<div class=\"uagb-icon-wrapper uagb-block-729fd0b0\"\n\t\t\tstyle=\"\" >\n\t\t\t\t\t\t\t\t\t<span class=\"uagb-svg-wrapper\" \n\t\t\t\t\t aria-label=\"facebook-square\"\t\t\t\t\ttabindex=\"0\">\t\t\n\t\t\t\t\t\t\t\t\t\t<svg xmlns=\"https:\/\/www.w3.org\/2000\/svg\" viewbox= \"0 0 448 512\" role=\"graphics-symbol\" aria-hidden=\"false\" aria-label=\"\"><path d=\"M400 32H48A48 48 0 0 0 0 80v352a48 48 0 0 0 48 48h137.3V327.7h-63V256h63v-54.64c0-62.15 37-96.48 93.67-96.48 27.14 0 55.52 4.84 55.52 4.84v61h-31.27c-30.81 0-40.42 19.12-40.42 38.73V256h68.78l-11 71.69h-57.78V480H400a48 48 0 0 0 48-48V80a48 48 0 0 0 -48-48z\"><\/path><\/svg>\n\t\t\t\t\t\t\t\t\t<\/span>\n\t\t\t\t\t\t\t<\/div>\n\t\t\t<\/div>\n\n\n\n<div class=\"wp-block-column is-vertically-aligned-center is-layout-flow wp-block-column-is-layout-flow\" style=\"flex-basis:66.66%\">\n<p class=\"has-text-align-center\"><strong>Gesangsklasse Prof. Thomas Heyer<\/strong><\/p>\n<\/div>\n\n\n\n<div class=\"wp-block-column is-layout-flow wp-block-column-is-layout-flow\"><\/div>\n<\/div>\n<\/div>\n\n\n\n<\/a>\n\n\n\n<a href=\"https:\/\/www.facebook.com\/Man-singt-nur-mit-dem-Herzen-gut-164485133594385\/?ref=bookmarks\">\n\n\n\n<div class=\"wp-block-group has-global-padding is-layout-constrained wp-container-core-group-is-layout-6a4fc3b9 wp-block-group-is-layout-constrained\" style=\"padding-top:var(--wp--preset--spacing--30);padding-bottom:var(--wp--preset--spacing--30)\">\n<div class=\"wp-block-columns is-layout-flex wp-container-core-columns-is-layout-28f84493 wp-block-columns-is-layout-flex\" style=\"border-width:2px\">\n<div class=\"wp-block-column is-layout-flow wp-block-column-is-layout-flow\"><\/div>\n\n\n\n<div class=\"wp-block-column is-vertically-aligned-center is-layout-flow wp-block-column-is-layout-flow\" style=\"flex-basis:40px\">      \n\t\t\t<div class=\"uagb-icon-wrapper uagb-block-928ffea9\"\n\t\t\tstyle=\"\" >\n\t\t\t\t\t\t\t\t\t<span class=\"uagb-svg-wrapper\" \n\t\t\t\t\t aria-label=\"instagram-square\"\t\t\t\t\ttabindex=\"0\">\t\t\n\t\t\t\t\t\t\t\t\t\t<svg xmlns=\"https:\/\/www.w3.org\/2000\/svg\" viewbox= \"0 0 448 512\" role=\"graphics-symbol\" aria-hidden=\"false\" aria-label=\"\"><path d=\"M224 202.7A53.34 53.34 0 1 0 277.4 256 53.38 53.38 0 0 0 224 202.7zm124.7-41a54 54 0 0 0 -30.41-30.41c-21-8.29-71-6.43-94.3-6.43s-73.25-1.93-94.31 6.43a54 54 0 0 0 -30.41 30.41c-8.28 21-6.43 71.05-6.43 94.33S91 329.3 99.32 350.3a54 54 0 0 0 30.41 30.41c21 8.29 71 6.43 94.31 6.43s73.24 1.93 94.3-6.43a54 54 0 0 0 30.41-30.41c8.35-21 6.43-71.05 6.43-94.33S357.1 182.7 348.8 161.7zM224 338a82 82 0 1 1 82-82A81.9 81.9 0 0 1 224 338zm85.38-148.3a19.14 19.14 0 1 1 19.13-19.14A19.1 19.1 0 0 1 309.4 189.7zM400 32H48A48 48 0 0 0 0 80V432a48 48 0 0 0 48 48H400a48 48 0 0 0 48-48V80A48 48 0 0 0 400 32zM382.9 322c-1.29 25.63-7.14 48.34-25.85 67s-41.4 24.63-67 25.85c-26.41 1.49-105.6 1.49-132 0-25.63-1.29-48.26-7.15-67-25.85s-24.63-41.42-25.85-67c-1.49-26.42-1.49-105.6 0-132 1.29-25.63 7.07-48.34 25.85-67s41.47-24.56 67-25.78c26.41-1.49 105.6-1.49 132 0 25.63 1.29 48.33 7.15 67 25.85s24.63 41.42 25.85 67.05C384.4 216.4 384.4 295.6 382.9 322z\"><\/path><\/svg>\n\t\t\t\t\t\t\t\t\t<\/span>\n\t\t\t\t\t\t\t<\/div>\n\t\t\t<\/div>\n\n\n\n<div class=\"wp-block-column is-vertically-aligned-center is-layout-flow wp-block-column-is-layout-flow\" style=\"flex-basis:66.66%\">\n<p class=\"has-text-align-center\"><strong>Gesangsklasse Prof. Thomas Heyer<\/strong><\/p>\n<\/div>\n\n\n\n<div class=\"wp-block-column is-layout-flow wp-block-column-is-layout-flow\"><\/div>\n<\/div>\n<\/div>\n\n\n\n<\/a>\n<\/div>\n<\/div>\n\n\n\n<div class=\"wp-block-column is-vertically-aligned-center is-layout-flow wp-block-column-is-layout-flow\" style=\"padding-left:var(--wp--preset--spacing--30);flex-basis:5%\"><\/div>\n<\/div>\n\n\n\n<div style=\"height:39px\" aria-hidden=\"true\" class=\"wp-block-spacer\"><\/div>\n\n\n\n<div class=\"wp-block-group has-base-color has-secondary-background-color has-text-color has-background has-link-color wp-elements-c54e7909fdeab87a68baa5fbfa5a454d is-layout-flow wp-block-group-is-layout-flow\" style=\"padding-right:0%;padding-left:0%;background-image:url(&apos;https:\/\/thomasheyer-com.preview-domain.com\/wp-content\/uploads\/2024\/06\/Slider_Background_2.png&apos;);background-size:cover;\">\n<div style=\"height:81px\" aria-hidden=\"true\" class=\"wp-block-spacer\"><\/div>\n\n\n\n<h2 class=\"wp-block-heading has-text-align-center\">Klangbeispiele<\/h2>\n\n\n\n<div class=\"wp-block-columns is-layout-flex wp-container-core-columns-is-layout-1a2ddb66 wp-block-columns-is-layout-flex\" style=\"padding-right:var(--wp--preset--spacing--30);padding-left:var(--wp--preset--spacing--30)\">\n<div class=\"wp-block-column is-layout-flow wp-block-column-is-layout-flow\" style=\"flex-basis:5%\"><\/div>\n\n\n\n<div class=\"wp-block-column is-layout-flow wp-block-column-is-layout-flow\" style=\"flex-basis:26%\">\n<div class=\"wp-block-group is-layout-flow wp-block-group-is-layout-flow\" style=\"padding-right:0\">\n<figure class=\"wp-block-image aligncenter size-full has-custom-border\"><img loading=\"lazy\" decoding=\"async\" width=\"606\" height=\"403\" src=\"https:\/\/thomasheyer.com\/wp-content\/uploads\/2024\/07\/Klangbeispiele_2.webp\" alt=\"\" class=\"wp-image-2652\" style=\"border-radius:10px\" srcset=\"https:\/\/thomasheyer.com\/wp-content\/uploads\/2024\/07\/Klangbeispiele_2.webp 606w, https:\/\/thomasheyer.com\/wp-content\/uploads\/2024\/07\/Klangbeispiele_2-300x200.webp 300w\" sizes=\"auto, (max-width: 606px) 100vw, 606px\" \/><\/figure>\n\n\n\n<figure class=\"wp-block-audio aligncenter\"><audio controls src=\"https:\/\/thomasheyer.com\/wp-content\/uploads\/2024\/11\/01-serenade-to-music-1.mp3\"><\/audio><\/figure>\n\n\n\n<p class=\"has-text-align-center\"><em>Serenade to music (V. Williams): Gesangsklasse Heyer<\/em><\/p>\n<\/div>\n<\/div>\n\n\n\n<div class=\"wp-block-column is-layout-flow wp-block-column-is-layout-flow\" style=\"flex-basis:6%\"><\/div>\n\n\n\n<div class=\"wp-block-column is-layout-flow wp-block-column-is-layout-flow\" style=\"flex-basis:26%\">\n<div class=\"wp-block-group is-layout-flow wp-block-group-is-layout-flow\" style=\"padding-right:0\">\n<figure class=\"wp-block-image aligncenter size-full has-custom-border\"><img loading=\"lazy\" decoding=\"async\" width=\"310\" height=\"379\" src=\"https:\/\/thomasheyer-com.preview-domain.com\/wp-content\/uploads\/2024\/07\/Klangbeispiel_Quartett_La_Boheme.webp\" alt=\"\" class=\"wp-image-2302\" style=\"border-radius:10px\" srcset=\"https:\/\/thomasheyer.com\/wp-content\/uploads\/2024\/07\/Klangbeispiel_Quartett_La_Boheme.webp 310w, https:\/\/thomasheyer.com\/wp-content\/uploads\/2024\/07\/Klangbeispiel_Quartett_La_Boheme-245x300.webp 245w\" sizes=\"auto, (max-width: 310px) 100vw, 310px\" \/><\/figure>\n\n\n\n<figure class=\"wp-block-audio aligncenter\"><audio controls src=\"https:\/\/thomasheyer.com\/wp-content\/uploads\/2024\/11\/05-boheme-quartett-fur-hp-2.mp3\"><\/audio><\/figure>\n\n\n\n<p class=\"has-text-align-center\"><em>Quartett aus La Boheme: Ani Yorentz &#8211; Mimi, Ioana Mitu &#8211; Musetta, Catalin Mustata &#8211; Rudolfo, Timon F\u00fchr &#8211; Marcello<\/em><\/p>\n<\/div>\n<\/div>\n\n\n\n<div class=\"wp-block-column is-layout-flow wp-block-column-is-layout-flow\" style=\"flex-basis:6%\"><\/div>\n\n\n\n<div class=\"wp-block-column is-layout-flow wp-block-column-is-layout-flow\" style=\"flex-basis:26%\">\n<div class=\"wp-block-group is-layout-flow wp-block-group-is-layout-flow\" style=\"padding-right:0\">\n<figure class=\"wp-block-image aligncenter size-full has-custom-border\"><img loading=\"lazy\" decoding=\"async\" width=\"671\" height=\"404\" src=\"https:\/\/thomasheyer.com\/wp-content\/uploads\/2024\/07\/Klangbeispiele_3.webp\" alt=\"\" class=\"wp-image-2655\" style=\"border-radius:10px\" srcset=\"https:\/\/thomasheyer.com\/wp-content\/uploads\/2024\/07\/Klangbeispiele_3.webp 671w, https:\/\/thomasheyer.com\/wp-content\/uploads\/2024\/07\/Klangbeispiele_3-300x181.webp 300w\" sizes=\"auto, (max-width: 671px) 100vw, 671px\" \/><\/figure>\n\n\n\n<figure class=\"wp-block-audio aligncenter\"><audio controls src=\"https:\/\/thomasheyer.com\/wp-content\/uploads\/2024\/11\/10-bajazzo-finale-1.mp3\"><\/audio><\/figure>\n\n\n\n<p class=\"has-text-align-center\"><em>Leoncavallo: Finale Bajazzo -Nedda: Tigranuhi Hovhannysian, Canio: Isaac Lee, Tonio: Timon F\u00fchr, Beppo: Theo Browne,Silvio: Maurice Lenhard<\/em><\/p>\n<\/div>\n<\/div>\n\n\n\n<div class=\"wp-block-column is-layout-flow wp-block-column-is-layout-flow\" style=\"flex-basis:5%\"><\/div>\n<\/div>\n\n\n\n<div style=\"height:24px\" aria-hidden=\"true\" class=\"wp-block-spacer\"><\/div>\n\n\n\n<div class=\"wp-block-group has-global-padding is-layout-constrained wp-container-core-group-is-layout-ff778368 wp-block-group-is-layout-constrained\" style=\"padding-right:var(--wp--preset--spacing--30);padding-left:var(--wp--preset--spacing--30)\">\n<figure class=\"wp-block-image aligncenter size-full has-custom-border\"><img loading=\"lazy\" decoding=\"async\" width=\"803\" height=\"284\" src=\"https:\/\/thomasheyer.com\/wp-content\/uploads\/2024\/07\/Klangbeispiele_4-e1720868680329.webp\" alt=\"\" class=\"wp-image-2649\" style=\"border-radius:10px\" srcset=\"https:\/\/thomasheyer.com\/wp-content\/uploads\/2024\/07\/Klangbeispiele_4-e1720868680329.webp 803w, https:\/\/thomasheyer.com\/wp-content\/uploads\/2024\/07\/Klangbeispiele_4-e1720868680329-300x106.webp 300w, https:\/\/thomasheyer.com\/wp-content\/uploads\/2024\/07\/Klangbeispiele_4-e1720868680329-768x272.webp 768w\" sizes=\"auto, (max-width: 803px) 100vw, 803px\" \/><\/figure>\n\n\n\n<figure class=\"wp-block-audio aligncenter\"><audio controls src=\"https:\/\/thomasheyer.com\/wp-content\/uploads\/2024\/11\/21-liebeslied-1.mp3\"><\/audio><\/figure>\n\n\n\n<p class=\"has-text-align-center\"><em>Liebeslied: Gesangsklasse Heyer<\/em><\/p>\n<\/div>\n\n\n\n<div style=\"height:81px\" aria-hidden=\"true\" class=\"wp-block-spacer\"><\/div>\n<\/div>\n<\/div>\n\n\n\n<div class=\"wp-block-group is-layout-flow wp-block-group-is-layout-flow\" style=\"padding-right:25px;padding-left:25px\">\n<div class=\"wp-block-columns is-layout-flex wp-container-core-columns-is-layout-28f84493 wp-block-columns-is-layout-flex\">\n<div class=\"wp-block-column is-layout-flow wp-block-column-is-layout-flow\" style=\"flex-basis:11%\"><\/div>\n\n\n\n<div class=\"wp-block-column is-vertically-aligned-center is-layout-flow wp-block-column-is-layout-flow\" style=\"padding-right:5px;padding-left:5px;flex-basis:78%\">\n<hr class=\"wp-block-separator has-alpha-channel-opacity is-style-default\"\/>\n\n\n\n<div style=\"height:35px\" aria-hidden=\"true\" class=\"wp-block-spacer wp-embed-aspect-16-9 wp-has-aspect-ratio\"><\/div>\n\n\n\n<div class=\"wp-block-group has-global-padding is-layout-constrained wp-block-group-is-layout-constrained\" style=\"border-style:none;border-width:0px\">\n<h3 class=\"wp-block-heading has-text-align-center wp-embed-aspect-16-9 wp-has-aspect-ratio\">\u00dcbersicht Sch\u00fcler und Alumni<\/h3>\n\n\n\n<div class=\"wp-block-buttons is-content-justification-center is-layout-flex wp-container-core-buttons-is-layout-a89b3969 wp-block-buttons-is-layout-flex\">\n<div class=\"wp-block-button\"><a class=\"wp-block-button__link has-base-color has-text-color has-link-color wp-element-button\" href=\"http:\/\/thomasheyer.com\/en\/schueler-sopran\/\">Sopran<\/a><\/div>\n\n\n\n<div class=\"wp-block-button\"><a class=\"wp-block-button__link has-base-color has-text-color has-link-color wp-element-button\" href=\"http:\/\/thomasheyer.com\/en\/schueler-mezzosopran-und-alt\/\">Mezzosopran und Alt<\/a><\/div>\n\n\n\n<div class=\"wp-block-button\"><a class=\"wp-block-button__link has-base-color has-text-color has-link-color wp-element-button\" href=\"http:\/\/thomasheyer.com\/en\/schueler-tenor\/\">Tenor<\/a><\/div>\n\n\n\n<div class=\"wp-block-button\"><a class=\"wp-block-button__link has-base-color has-text-color has-link-color wp-element-button\" href=\"http:\/\/thomasheyer.com\/en\/schueler-bariton-und-bass\/\">Bariton und Bass<\/a><\/div>\n<\/div>\n\n\n\n<div style=\"height:7px\" aria-hidden=\"true\" class=\"wp-block-spacer\"><\/div>\n<\/div>\n<\/div>\n\n\n\n<div class=\"wp-block-column is-layout-flow wp-block-column-is-layout-flow\" style=\"flex-basis:11%\"><\/div>\n<\/div>\n<\/div>\n\n\n\n<p><\/p>","protected":false},"excerpt":{"rendered":"<p>Meine Sch\u00fclerinnen und Sch\u00fcler In der Gesangsklasse Heyer studieren und studierten S\u00e4ngerpers\u00f6nlichkeiten aus \u00fcber 10 Nationen. Viele Sch\u00fcler und Studenten sind an fast allen deutschen Theatern und vielen verschiedenen Opernh\u00e4usern Europas und Nordamerikas engagiert (Hamburger Staatsoper, Wiener Staatsoper, M\u00fcnchener Staatsoper, Mail\u00e4nder Scala u.a.)&nbsp;und Konzerts\u00e4nger oder erfolgreiche Dozenten und Professoren an Hochschulen oder Musikschulen. Dazu kommen&#8230;<\/p>","protected":false},"author":1,"featured_media":0,"parent":0,"menu_order":0,"comment_status":"closed","ping_status":"closed","template":"","meta":{"_uag_custom_page_level_css":"","footnotes":""},"class_list":["post-1761","page","type-page","status-publish","hentry"],"uagb_featured_image_src":{"full":false,"thumbnail":false,"medium":false,"medium_large":false,"large":false,"1536x1536":false,"2048x2048":false,"trp-custom-language-flag":false},"uagb_author_info":{"display_name":"luisghrmnn@gmail.com","author_link":"https:\/\/thomasheyer.com\/en\/author\/luisghrmnngmail-com\/"},"uagb_comment_info":0,"uagb_excerpt":"Meine Sch\u00fclerinnen und Sch\u00fcler In der Gesangsklasse Heyer studieren und studierten S\u00e4ngerpers\u00f6nlichkeiten aus \u00fcber 10 Nationen. Viele Sch\u00fcler und Studenten sind an fast allen deutschen Theatern und vielen verschiedenen Opernh\u00e4usern Europas und Nordamerikas engagiert (Hamburger Staatsoper, Wiener Staatsoper, M\u00fcnchener Staatsoper, Mail\u00e4nder Scala u.a.)&nbsp;und Konzerts\u00e4nger oder erfolgreiche Dozenten und Professoren an Hochschulen oder Musikschulen. Dazu kommen...","_links":{"self":[{"href":"https:\/\/thomasheyer.com\/en\/wp-json\/wp\/v2\/pages\/1761","targetHints":{"allow":["GET"]}}],"collection":[{"href":"https:\/\/thomasheyer.com\/en\/wp-json\/wp\/v2\/pages"}],"about":[{"href":"https:\/\/thomasheyer.com\/en\/wp-json\/wp\/v2\/types\/page"}],"author":[{"embeddable":true,"href":"https:\/\/thomasheyer.com\/en\/wp-json\/wp\/v2\/users\/1"}],"replies":[{"embeddable":true,"href":"https:\/\/thomasheyer.com\/en\/wp-json\/wp\/v2\/comments?post=1761"}],"version-history":[{"count":257,"href":"https:\/\/thomasheyer.com\/en\/wp-json\/wp\/v2\/pages\/1761\/revisions"}],"predecessor-version":[{"id":3175,"href":"https:\/\/thomasheyer.com\/en\/wp-json\/wp\/v2\/pages\/1761\/revisions\/3175"}],"wp:attachment":[{"href":"https:\/\/thomasheyer.com\/en\/wp-json\/wp\/v2\/media?parent=1761"}],"curies":[{"name":"wp","href":"https:\/\/api.w.org\/{rel}","templated":true}]}}