{"id":1763,"date":"2024-06-24T20:21:33","date_gmt":"2024-06-24T20:21:33","guid":{"rendered":"https:\/\/thomasheyer.com\/?page_id=1763"},"modified":"2024-09-28T14:14:46","modified_gmt":"2024-09-28T14:14:46","slug":"gesangskurse","status":"publish","type":"page","link":"https:\/\/thomasheyer.com\/en\/gesangskurse\/","title":{"rendered":"Gesangskurse"},"content":{"rendered":"<div style=\"height:30px\" aria-hidden=\"true\" class=\"wp-block-spacer\"><\/div>\n\n\n\n<div class=\"wp-block-group is-layout-flow wp-block-group-is-layout-flow\">\n<div class=\"wp-block-columns is-layout-flex wp-container-core-columns-is-layout-28f84493 wp-block-columns-is-layout-flex\">\n<div class=\"wp-block-column is-vertically-aligned-top is-layout-flow wp-block-column-is-layout-flow\" style=\"padding-right:var(--wp--preset--spacing--30);padding-left:var(--wp--preset--spacing--30)\">\n<p class=\"has-text-align-left\">Seit \u00fcber 20 Jahren gibt Thomas Heyer Gesangskurse f\u00fcr S\u00e4ngerinnen und S\u00e4nger und leitet Fortbildungen f\u00fcr GesangslehrerInnen. In weit \u00fcber 200 Kursen in vielen Teilen der Welt konnte er mehr mit unz\u00e4hligen S\u00e4ngerinnen und S\u00e4ngern aller Stimmf\u00e4cher aus folgenden L\u00e4ndern unterrichten: <br>Armenien, Belgien, China, Deutschland, Frankreich, Italien, Japan, Kanada, Korea, Lettland, Neuseeland, Niederlande, Polen \u00d6sterreich, Rum\u00e4nien, Russland, Slovenien, Spanien, Ukraine, USA&nbsp;u.a.<\/p>\n\n\n\n<p><strong>Bleiben Sie auf dem Laufenden:<\/strong><\/p>\n\n\n\n<ul class=\"wp-block-social-links has-icon-background-color is-style-default is-layout-flex wp-block-social-links-is-layout-flex\"><li style=\"background-color:#2849be;\" class=\"wp-social-link wp-social-link-facebook  wp-block-social-link\"><a href=\"https:\/\/www.facebook.com\/Man-singt-nur-mit-dem-Herzen-gut-164485133594385\" class=\"wp-block-social-link-anchor\"><svg width=\"24\" height=\"24\" viewbox=\"0 0 24 24\" version=\"1.1\" xmlns=\"http:\/\/www.w3.org\/2000\/svg\" aria-hidden=\"true\" focusable=\"false\"><path d=\"M12 2C6.5 2 2 6.5 2 12c0 5 3.7 9.1 8.4 9.9v-7H7.9V12h2.5V9.8c0-2.5 1.5-3.9 3.8-3.9 1.1 0 2.2.2 2.2.2v2.5h-1.3c-1.2 0-1.6.8-1.6 1.6V12h2.8l-.4 2.9h-2.3v7C18.3 21.1 22 17 22 12c0-5.5-4.5-10-10-10z\"><\/path><\/svg><span class=\"wp-block-social-link-label screen-reader-text\">Facebook<\/span><\/a><\/li>\n\n<li style=\"background-color:#2849be;\" class=\"wp-social-link wp-social-link-instagram  wp-block-social-link\"><a href=\"https:\/\/www.instagram.com\/mansingtnurmitdemherzengut\/\" class=\"wp-block-social-link-anchor\"><svg width=\"24\" height=\"24\" viewbox=\"0 0 24 24\" version=\"1.1\" xmlns=\"http:\/\/www.w3.org\/2000\/svg\" aria-hidden=\"true\" focusable=\"false\"><path d=\"M12,4.622c2.403,0,2.688,0.009,3.637,0.052c0.877,0.04,1.354,0.187,1.671,0.31c0.42,0.163,0.72,0.358,1.035,0.673 c0.315,0.315,0.51,0.615,0.673,1.035c0.123,0.317,0.27,0.794,0.31,1.671c0.043,0.949,0.052,1.234,0.052,3.637 s-0.009,2.688-0.052,3.637c-0.04,0.877-0.187,1.354-0.31,1.671c-0.163,0.42-0.358,0.72-0.673,1.035 c-0.315,0.315-0.615,0.51-1.035,0.673c-0.317,0.123-0.794,0.27-1.671,0.31c-0.949,0.043-1.233,0.052-3.637,0.052 s-2.688-0.009-3.637-0.052c-0.877-0.04-1.354-0.187-1.671-0.31c-0.42-0.163-0.72-0.358-1.035-0.673 c-0.315-0.315-0.51-0.615-0.673-1.035c-0.123-0.317-0.27-0.794-0.31-1.671C4.631,14.688,4.622,14.403,4.622,12 s0.009-2.688,0.052-3.637c0.04-0.877,0.187-1.354,0.31-1.671c0.163-0.42,0.358-0.72,0.673-1.035 c0.315-0.315,0.615-0.51,1.035-0.673c0.317-0.123,0.794-0.27,1.671-0.31C9.312,4.631,9.597,4.622,12,4.622 M12,3 C9.556,3,9.249,3.01,8.289,3.054C7.331,3.098,6.677,3.25,6.105,3.472C5.513,3.702,5.011,4.01,4.511,4.511 c-0.5,0.5-0.808,1.002-1.038,1.594C3.25,6.677,3.098,7.331,3.054,8.289C3.01,9.249,3,9.556,3,12c0,2.444,0.01,2.751,0.054,3.711 c0.044,0.958,0.196,1.612,0.418,2.185c0.23,0.592,0.538,1.094,1.038,1.594c0.5,0.5,1.002,0.808,1.594,1.038 c0.572,0.222,1.227,0.375,2.185,0.418C9.249,20.99,9.556,21,12,21s2.751-0.01,3.711-0.054c0.958-0.044,1.612-0.196,2.185-0.418 c0.592-0.23,1.094-0.538,1.594-1.038c0.5-0.5,0.808-1.002,1.038-1.594c0.222-0.572,0.375-1.227,0.418-2.185 C20.99,14.751,21,14.444,21,12s-0.01-2.751-0.054-3.711c-0.044-0.958-0.196-1.612-0.418-2.185c-0.23-0.592-0.538-1.094-1.038-1.594 c-0.5-0.5-1.002-0.808-1.594-1.038c-0.572-0.222-1.227-0.375-2.185-0.418C14.751,3.01,14.444,3,12,3L12,3z M12,7.378 c-2.552,0-4.622,2.069-4.622,4.622S9.448,16.622,12,16.622s4.622-2.069,4.622-4.622S14.552,7.378,12,7.378z M12,15 c-1.657,0-3-1.343-3-3s1.343-3,3-3s3,1.343,3,3S13.657,15,12,15z M16.804,6.116c-0.596,0-1.08,0.484-1.08,1.08 s0.484,1.08,1.08,1.08c0.596,0,1.08-0.484,1.08-1.08S17.401,6.116,16.804,6.116z\"><\/path><\/svg><span class=\"wp-block-social-link-label screen-reader-text\">Man Singt Nur Mit Dem Herzen Gut<\/span><\/a><\/li><\/ul>\n\n\n\n<div style=\"height:30px\" aria-hidden=\"true\" class=\"wp-block-spacer\"><\/div>\n<\/div>\n\n\n\n<div class=\"wp-block-column is-vertically-aligned-center is-layout-flow wp-block-column-is-layout-flow\" style=\"padding-right:0;padding-left:0\">\n<figure class=\"wp-block-image alignright size-full has-custom-border is-style-default\"><img loading=\"lazy\" decoding=\"async\" width=\"564\" height=\"375\" src=\"https:\/\/thomasheyer.com\/wp-content\/uploads\/2024\/07\/Gesangskurse_Profilbild.webp\" alt=\"\" class=\"wp-image-2718\" style=\"border-top-left-radius:10px;border-bottom-left-radius:10px\" srcset=\"https:\/\/thomasheyer.com\/wp-content\/uploads\/2024\/07\/Gesangskurse_Profilbild.webp 564w, https:\/\/thomasheyer.com\/wp-content\/uploads\/2024\/07\/Gesangskurse_Profilbild-300x199.webp 300w\" sizes=\"auto, (max-width: 564px) 100vw, 564px\" \/><\/figure>\n<\/div>\n<\/div>\n<\/div>\n\n\n\n<div style=\"height:65px\" aria-hidden=\"true\" class=\"wp-block-spacer\"><\/div>\n\n\n\n<div class=\"wp-block-group is-layout-flow wp-block-group-is-layout-flow\">\n<h1 class=\"wp-block-heading has-text-align-center\">GESANGSKURSE<\/h1>\n\n\n\n<hr class=\"wp-block-separator has-alpha-channel-opacity\"\/>\n\n\n\n<hr class=\"wp-block-separator has-text-color has-secondary-color has-alpha-channel-opacity has-secondary-background-color has-background is-style-wide\"\/>\n<\/div>\n\n\n\n<div class=\"wp-block-query is-layout-flow wp-block-query-is-layout-flow\"><ul class=\"wp-block-post-template is-layout-flow wp-block-post-template-is-layout-flow\"><li class=\"wp-block-post post-2971 post type-post status-publish format-standard has-post-thumbnail hentry category-gesangskurs\">\n\n<div class=\"wp-block-group has-global-padding is-layout-constrained wp-block-group-is-layout-constrained\" style=\"padding-top:0;padding-bottom:0\">\n<div class=\"wp-block-columns alignwide is-layout-flex wp-container-core-columns-is-layout-28f84493 wp-block-columns-is-layout-flex\">\n<div class=\"wp-block-column is-vertically-aligned-center is-layout-flow wp-block-column-is-layout-flow\" style=\"flex-basis:40%\"><figure style=\"aspect-ratio:4\/3;\" class=\"aligncenter wp-block-post-featured-image wp-duotone-unset-1\"><a href=\"https:\/\/thomasheyer.com\/en\/meisterkurs-musikhaus-koeln-sued-2025\/\" target=\"_self\"  ><img loading=\"lazy\" decoding=\"async\" width=\"602\" height=\"343\" src=\"https:\/\/thomasheyer.com\/wp-content\/uploads\/2024\/09\/Musikhaus-Koeln.jpg\" class=\"attachment-post-thumbnail size-post-thumbnail wp-post-image\" alt=\"Meisterkurs Musikhaus K\u00f6ln S\u00fcd 2026\" style=\"border-radius:10px;border-style:none;border-width:0px;width:100%;height:100%;object-fit:cover;\" srcset=\"https:\/\/thomasheyer.com\/wp-content\/uploads\/2024\/09\/Musikhaus-Koeln.jpg 602w, https:\/\/thomasheyer.com\/wp-content\/uploads\/2024\/09\/Musikhaus-Koeln-300x171.jpg 300w, https:\/\/thomasheyer.com\/wp-content\/uploads\/2024\/09\/Musikhaus-Koeln-18x10.jpg 18w\" sizes=\"auto, (max-width: 602px) 100vw, 602px\" \/><\/a><\/figure><\/div>\n\n\n\n<div class=\"wp-block-column is-vertically-aligned-center is-layout-flow wp-block-column-is-layout-flow\" style=\"flex-basis:60%\"><h2 class=\"has-text-align-center wp-block-post-title\"><a href=\"https:\/\/thomasheyer.com\/en\/meisterkurs-musikhaus-koeln-sued-2025\/\" target=\"_self\" >Meisterkurs Musikhaus K\u00f6ln S\u00fcd 2026<\/a><\/h2>\n\n<div class=\"entry-content wp-block-post-content is-layout-flow wp-block-post-content-is-layout-flow\">\n<p class=\"has-text-align-center\"><strong>06. April &#8211; 10. April 2026<\/strong><\/p>\n\n\n\n<p class=\"has-text-align-center\">F\u00fcr weitere Infos <a href=\"http:\/\/www.musikhaus-sued.de\/\"><strong>hier<\/strong><\/a> klicken<\/p>\n\n\n\n<div class=\"wp-block-buttons is-content-justification-center is-layout-flex wp-container-core-buttons-is-layout-a89b3969 wp-block-buttons-is-layout-flex\">\n<div class=\"wp-block-button\"><a class=\"wp-block-button__link has-text-align-left wp-element-button\" href=\"mailto:gesang@gmx.de?subject=Meisterkurs%20Musikhaus%20K%C3%B6ln%20S%C3%BCd%202026\" style=\"border-radius:10px\">Anmeldung<\/a><\/div>\n<\/div>\n\n\n\n<p><\/p>\n<\/div><\/div>\n<\/div>\n<\/div>\n\n\n\n<div style=\"height:17px\" aria-hidden=\"true\" class=\"wp-block-spacer\"><\/div>\n\n\n\n<hr class=\"wp-block-separator has-text-color has-secondary-color has-alpha-channel-opacity has-secondary-background-color has-background is-style-wide\"\/>\n\n<\/li><li class=\"wp-block-post post-3024 post type-post status-publish format-standard has-post-thumbnail hentry category-gesangskurs\">\n\n<div class=\"wp-block-group has-global-padding is-layout-constrained wp-block-group-is-layout-constrained\" style=\"padding-top:0;padding-bottom:0\">\n<div class=\"wp-block-columns alignwide is-layout-flex wp-container-core-columns-is-layout-28f84493 wp-block-columns-is-layout-flex\">\n<div class=\"wp-block-column is-vertically-aligned-center is-layout-flow wp-block-column-is-layout-flow\" style=\"flex-basis:40%\"><figure style=\"aspect-ratio:4\/3;\" class=\"aligncenter wp-block-post-featured-image wp-duotone-unset-2\"><a href=\"https:\/\/thomasheyer.com\/en\/hfmdk-masterclasses-gesang-2025\/\" target=\"_self\"  ><img loading=\"lazy\" decoding=\"async\" width=\"942\" height=\"602\" src=\"https:\/\/thomasheyer.com\/wp-content\/uploads\/2026\/01\/Meisterkurs-Trossingen.jpg\" class=\"attachment-post-thumbnail size-post-thumbnail wp-post-image\" alt=\"Meisterkurs Trossingen 2026\" style=\"border-radius:10px;border-style:none;border-width:0px;width:100%;height:100%;object-fit:cover;\" srcset=\"https:\/\/thomasheyer.com\/wp-content\/uploads\/2026\/01\/Meisterkurs-Trossingen.jpg 942w, https:\/\/thomasheyer.com\/wp-content\/uploads\/2026\/01\/Meisterkurs-Trossingen-300x192.jpg 300w, https:\/\/thomasheyer.com\/wp-content\/uploads\/2026\/01\/Meisterkurs-Trossingen-768x491.jpg 768w, https:\/\/thomasheyer.com\/wp-content\/uploads\/2026\/01\/Meisterkurs-Trossingen-18x12.jpg 18w\" sizes=\"auto, (max-width: 942px) 100vw, 942px\" \/><\/a><\/figure><\/div>\n\n\n\n<div class=\"wp-block-column is-vertically-aligned-center is-layout-flow wp-block-column-is-layout-flow\" style=\"flex-basis:60%\"><h2 class=\"has-text-align-center wp-block-post-title\"><a href=\"https:\/\/thomasheyer.com\/en\/hfmdk-masterclasses-gesang-2025\/\" target=\"_self\" >Meisterkurs Trossingen 2026<\/a><\/h2>\n\n<div class=\"entry-content wp-block-post-content is-layout-flow wp-block-post-content-is-layout-flow\">\n<p class=\"has-text-align-center\"><strong>04. Juni &#8211; 07. Juni 2025<\/strong><\/p>\n\n\n\n<p class=\"has-text-align-center\">Weitere Infos und die M\u00f6glichkeit zur Anmeldung unter folgendem Link:<\/p>\n\n\n\n<div class=\"wp-block-buttons is-content-justification-center is-layout-flex wp-container-core-buttons-is-layout-a89b3969 wp-block-buttons-is-layout-flex\">\n<div class=\"wp-block-button\"><a class=\"wp-block-button__link has-base-color has-text-color has-link-color has-text-align-left wp-element-button\" href=\"https:\/\/www.dtkv-bawue.de\/post\/fortbildungskurse-trossingen-2026\" style=\"border-radius:10px\">Anmeldung<\/a><\/div>\n<\/div>\n\n\n\n<p><\/p>\n<\/div><\/div>\n<\/div>\n<\/div>\n\n\n\n<div style=\"height:17px\" aria-hidden=\"true\" class=\"wp-block-spacer\"><\/div>\n\n\n\n<hr class=\"wp-block-separator has-text-color has-secondary-color has-alpha-channel-opacity has-secondary-background-color has-background is-style-wide\"\/>\n\n<\/li><li class=\"wp-block-post post-1734 post type-post status-publish format-standard has-post-thumbnail hentry category-gesangskurs\">\n\n<div class=\"wp-block-group has-global-padding is-layout-constrained wp-block-group-is-layout-constrained\" style=\"padding-top:0;padding-bottom:0\">\n<div class=\"wp-block-columns alignwide is-layout-flex wp-container-core-columns-is-layout-28f84493 wp-block-columns-is-layout-flex\">\n<div class=\"wp-block-column is-vertically-aligned-center is-layout-flow wp-block-column-is-layout-flow\" style=\"flex-basis:40%\"><figure style=\"aspect-ratio:4\/3;\" class=\"aligncenter wp-block-post-featured-image wp-duotone-unset-3\"><a href=\"https:\/\/thomasheyer.com\/en\/sommerkurs-fuer-gesang-waldniel-2024\/\" target=\"_self\"  ><img loading=\"lazy\" decoding=\"async\" width=\"505\" height=\"374\" src=\"https:\/\/thomasheyer.com\/wp-content\/uploads\/2024\/06\/Buergerhaus-Waldniel-e1721485512836.jpg\" class=\"attachment-post-thumbnail size-post-thumbnail wp-post-image\" alt=\"Sommerkurs f\u00fcr Gesang Waldniel 2026\" style=\"border-radius:10px;border-style:none;border-width:0px;width:100%;height:100%;object-fit:cover;\" srcset=\"https:\/\/thomasheyer.com\/wp-content\/uploads\/2024\/06\/Buergerhaus-Waldniel-e1721485512836.jpg 505w, https:\/\/thomasheyer.com\/wp-content\/uploads\/2024\/06\/Buergerhaus-Waldniel-e1721485512836-300x222.jpg 300w\" sizes=\"auto, (max-width: 505px) 100vw, 505px\" \/><\/a><\/figure><\/div>\n\n\n\n<div class=\"wp-block-column is-vertically-aligned-center is-layout-flow wp-block-column-is-layout-flow\" style=\"flex-basis:60%\"><h2 class=\"has-text-align-center wp-block-post-title\"><a href=\"https:\/\/thomasheyer.com\/en\/sommerkurs-fuer-gesang-waldniel-2024\/\" target=\"_self\" >Sommerkurs f\u00fcr Gesang Waldniel 2026<\/a><\/h2>\n\n<div class=\"entry-content wp-block-post-content is-layout-flow wp-block-post-content-is-layout-flow\">\n<p class=\"has-text-align-center\"><strong>26. Juli &#8211; 01. August 2026<\/strong><\/p>\n\n\n\n<p class=\"has-text-align-center\">F\u00fcr weitere Infos <a href=\"https:\/\/www.schwalmtal.de\/freizeit-kultur\/kultur\/kulturprogramm-der-gemeinde-schwalmtal\" target=\"_blank\" rel=\"noopener\" title=\"\"><strong>hier<\/strong><\/a> klicken<\/p>\n\n\n\n<div class=\"wp-block-buttons is-content-justification-center is-layout-flex wp-container-core-buttons-is-layout-a89b3969 wp-block-buttons-is-layout-flex\">\n<div class=\"wp-block-button\"><a class=\"wp-block-button__link has-secondary-background-color has-background has-text-align-left wp-element-button\" style=\"border-radius:10px\">ausgebucht<\/a><\/div>\n<\/div>\n\n\n\n<p><\/p>\n<\/div><\/div>\n<\/div>\n<\/div>\n\n\n\n<div style=\"height:17px\" aria-hidden=\"true\" class=\"wp-block-spacer\"><\/div>\n\n\n\n<hr class=\"wp-block-separator has-text-color has-secondary-color has-alpha-channel-opacity has-secondary-background-color has-background is-style-wide\"\/>\n\n<\/li><li class=\"wp-block-post post-2979 post type-post status-publish format-standard has-post-thumbnail hentry category-gesangskurs\">\n\n<div class=\"wp-block-group has-global-padding is-layout-constrained wp-block-group-is-layout-constrained\" style=\"padding-top:0;padding-bottom:0\">\n<div class=\"wp-block-columns alignwide is-layout-flex wp-container-core-columns-is-layout-28f84493 wp-block-columns-is-layout-flex\">\n<div class=\"wp-block-column is-vertically-aligned-center is-layout-flow wp-block-column-is-layout-flow\" style=\"flex-basis:40%\"><figure style=\"aspect-ratio:4\/3;\" class=\"aligncenter wp-block-post-featured-image wp-duotone-unset-4\"><a href=\"https:\/\/thomasheyer.com\/en\/meisterkurs-montepulciano-italien-2025\/\" target=\"_self\"  ><img loading=\"lazy\" decoding=\"async\" width=\"388\" height=\"498\" src=\"https:\/\/thomasheyer.com\/wp-content\/uploads\/2024\/09\/Montepulciano.webp\" class=\"attachment-post-thumbnail size-post-thumbnail wp-post-image\" alt=\"Meisterkurs Montepulciano Italien 2026\" style=\"border-radius:10px;border-style:none;border-width:0px;width:100%;height:100%;object-fit:cover;\" srcset=\"https:\/\/thomasheyer.com\/wp-content\/uploads\/2024\/09\/Montepulciano.webp 388w, https:\/\/thomasheyer.com\/wp-content\/uploads\/2024\/09\/Montepulciano-234x300.webp 234w, https:\/\/thomasheyer.com\/wp-content\/uploads\/2024\/09\/Montepulciano-9x12.webp 9w\" sizes=\"auto, (max-width: 388px) 100vw, 388px\" \/><\/a><\/figure><\/div>\n\n\n\n<div class=\"wp-block-column is-vertically-aligned-center is-layout-flow wp-block-column-is-layout-flow\" style=\"flex-basis:60%\"><h2 class=\"has-text-align-center wp-block-post-title\"><a href=\"https:\/\/thomasheyer.com\/en\/meisterkurs-montepulciano-italien-2025\/\" target=\"_self\" >Meisterkurs Montepulciano Italien 2026<\/a><\/h2>\n\n<div class=\"entry-content wp-block-post-content is-layout-flow wp-block-post-content-is-layout-flow\">\n<p class=\"has-text-align-center\"><strong>09.<\/strong> <strong>August &#8211; 16. August 2026<\/strong><\/p>\n\n\n\n<p class=\"has-text-align-center\">Weitere Infos und die M\u00f6glichkeit zur Anmeldung unter folgendem Link:<\/p>\n\n\n\n<div class=\"wp-block-buttons is-content-justification-center is-layout-flex wp-container-core-buttons-is-layout-a89b3969 wp-block-buttons-is-layout-flex\">\n<div class=\"wp-block-button\"><a class=\"wp-block-button__link has-base-color has-text-color has-link-color has-text-align-left wp-element-button\" href=\"https:\/\/www.palazzoricci.com\/meisterkurse\" style=\"border-radius:10px\">Anmeldung<\/a><\/div>\n<\/div>\n\n\n\n<p><\/p>\n<\/div><\/div>\n<\/div>\n<\/div>\n\n\n\n<div style=\"height:17px\" aria-hidden=\"true\" class=\"wp-block-spacer\"><\/div>\n\n\n\n<hr class=\"wp-block-separator has-text-color has-secondary-color has-alpha-channel-opacity has-secondary-background-color has-background is-style-wide\"\/>\n\n<\/li><li class=\"wp-block-post post-3147 post type-post status-publish format-standard has-post-thumbnail hentry category-gesangskurs\">\n\n<div class=\"wp-block-group has-global-padding is-layout-constrained wp-block-group-is-layout-constrained\" style=\"padding-top:0;padding-bottom:0\">\n<div class=\"wp-block-columns alignwide is-layout-flex wp-container-core-columns-is-layout-28f84493 wp-block-columns-is-layout-flex\">\n<div class=\"wp-block-column is-vertically-aligned-center is-layout-flow wp-block-column-is-layout-flow\" style=\"flex-basis:40%\"><figure style=\"aspect-ratio:4\/3;\" class=\"aligncenter wp-block-post-featured-image wp-duotone-unset-5\"><a href=\"https:\/\/thomasheyer.com\/en\/meisterkurs-fuer-gesang-woergl-2026\/\" target=\"_self\"  ><img loading=\"lazy\" decoding=\"async\" width=\"2560\" height=\"1707\" src=\"https:\/\/thomasheyer.com\/wp-content\/uploads\/2026\/01\/Bild-Woergl-scaled.jpg\" class=\"attachment-post-thumbnail size-post-thumbnail wp-post-image\" alt=\"Meisterkurs f\u00fcr Gesang W\u00f6rgl 2026\" style=\"border-radius:10px;border-style:none;border-width:0px;width:100%;height:100%;object-fit:cover;\" srcset=\"https:\/\/thomasheyer.com\/wp-content\/uploads\/2026\/01\/Bild-Woergl-scaled.jpg 2560w, https:\/\/thomasheyer.com\/wp-content\/uploads\/2026\/01\/Bild-Woergl-300x200.jpg 300w, https:\/\/thomasheyer.com\/wp-content\/uploads\/2026\/01\/Bild-Woergl-1024x683.jpg 1024w, https:\/\/thomasheyer.com\/wp-content\/uploads\/2026\/01\/Bild-Woergl-768x512.jpg 768w, https:\/\/thomasheyer.com\/wp-content\/uploads\/2026\/01\/Bild-Woergl-1536x1024.jpg 1536w, https:\/\/thomasheyer.com\/wp-content\/uploads\/2026\/01\/Bild-Woergl-2048x1366.jpg 2048w, https:\/\/thomasheyer.com\/wp-content\/uploads\/2026\/01\/Bild-Woergl-18x12.jpg 18w\" sizes=\"auto, (max-width: 2560px) 100vw, 2560px\" \/><\/a><\/figure><\/div>\n\n\n\n<div class=\"wp-block-column is-vertically-aligned-center is-layout-flow wp-block-column-is-layout-flow\" style=\"flex-basis:60%\"><h2 class=\"has-text-align-center wp-block-post-title\"><a href=\"https:\/\/thomasheyer.com\/en\/meisterkurs-fuer-gesang-woergl-2026\/\" target=\"_self\" >Meisterkurs f\u00fcr Gesang W\u00f6rgl 2026<\/a><\/h2>\n\n<div class=\"entry-content wp-block-post-content is-layout-flow wp-block-post-content-is-layout-flow\">\n<p class=\"has-text-align-center\"><strong>23. August &#8211; 29. August 2026<\/strong><\/p>\n\n\n\n<p class=\"has-text-align-center\">Weitere Infos und die M\u00f6glichkeit zur Anmeldung unter folgendem Link:<\/p>\n\n\n\n<div class=\"wp-block-buttons is-content-justification-center is-layout-flex wp-container-core-buttons-is-layout-a89b3969 wp-block-buttons-is-layout-flex\">\n<div class=\"wp-block-button\"><a class=\"wp-block-button__link has-base-color has-text-color has-link-color has-text-align-left wp-element-button\" href=\"https:\/\/www.academia-vocalis.com\/index.php\/de\/seminare-meisterkurse\" style=\"border-radius:10px\">Anmeldung<\/a><\/div>\n<\/div>\n<\/div><\/div>\n<\/div>\n<\/div>\n\n\n\n<div style=\"height:17px\" aria-hidden=\"true\" class=\"wp-block-spacer\"><\/div>\n\n\n\n<hr class=\"wp-block-separator has-text-color has-secondary-color has-alpha-channel-opacity has-secondary-background-color has-background is-style-wide\"\/>\n\n<\/li><li class=\"wp-block-post post-2982 post type-post status-publish format-standard has-post-thumbnail hentry category-gesangskurs\">\n\n<div class=\"wp-block-group has-global-padding is-layout-constrained wp-block-group-is-layout-constrained\" style=\"padding-top:0;padding-bottom:0\">\n<div class=\"wp-block-columns alignwide is-layout-flex wp-container-core-columns-is-layout-28f84493 wp-block-columns-is-layout-flex\">\n<div class=\"wp-block-column is-vertically-aligned-center is-layout-flow wp-block-column-is-layout-flow\" style=\"flex-basis:40%\"><figure style=\"aspect-ratio:4\/3;\" class=\"aligncenter wp-block-post-featured-image wp-duotone-unset-6\"><a href=\"https:\/\/thomasheyer.com\/en\/fritz-wunderlich-musiktage-kusel-2025\/\" target=\"_self\"  ><img loading=\"lazy\" decoding=\"async\" width=\"602\" height=\"402\" src=\"https:\/\/thomasheyer.com\/wp-content\/uploads\/2024\/09\/Kusel.jpg\" class=\"attachment-post-thumbnail size-post-thumbnail wp-post-image\" alt=\"Fritz Wunderlich Musiktage Kusel 2026\" style=\"border-radius:10px;border-style:none;border-width:0px;width:100%;height:100%;object-fit:cover;\" srcset=\"https:\/\/thomasheyer.com\/wp-content\/uploads\/2024\/09\/Kusel.jpg 602w, https:\/\/thomasheyer.com\/wp-content\/uploads\/2024\/09\/Kusel-300x200.jpg 300w, https:\/\/thomasheyer.com\/wp-content\/uploads\/2024\/09\/Kusel-18x12.jpg 18w\" sizes=\"auto, (max-width: 602px) 100vw, 602px\" \/><\/a><\/figure><\/div>\n\n\n\n<div class=\"wp-block-column is-vertically-aligned-center is-layout-flow wp-block-column-is-layout-flow\" style=\"flex-basis:60%\"><h2 class=\"has-text-align-center wp-block-post-title\"><a href=\"https:\/\/thomasheyer.com\/en\/fritz-wunderlich-musiktage-kusel-2025\/\" target=\"_self\" >Fritz Wunderlich Musiktage Kusel 2026<\/a><\/h2>\n\n<div class=\"entry-content wp-block-post-content is-layout-flow wp-block-post-content-is-layout-flow\">\n<p class=\"has-text-align-center\"><strong>13. September &#8211; 18. September 2026<\/strong><\/p>\n\n\n\n<p class=\"has-text-align-center\">F\u00fcr weitere Infos <a href=\"https:\/\/fritz-wunderlich-ges.de\/de\/\"><strong>hier<\/strong><\/a> klicken<\/p>\n\n\n\n<div class=\"wp-block-buttons is-content-justification-center is-layout-flex wp-container-core-buttons-is-layout-a89b3969 wp-block-buttons-is-layout-flex\">\n<div class=\"wp-block-button\"><a class=\"wp-block-button__link has-text-align-left wp-element-button\" href=\"mailto:gesang@gmx.de?subject=Fritz%20Wunderlich%20Musiktage%20Kusel%202026\" style=\"border-radius:10px\">Anmeldung<\/a><\/div>\n<\/div>\n\n\n\n<p><\/p>\n<\/div><\/div>\n<\/div>\n<\/div>\n\n\n\n<div style=\"height:17px\" aria-hidden=\"true\" class=\"wp-block-spacer\"><\/div>\n\n\n\n<hr class=\"wp-block-separator has-text-color has-secondary-color has-alpha-channel-opacity has-secondary-background-color has-background is-style-wide\"\/>\n\n<\/li><\/ul><\/div>","protected":false},"excerpt":{"rendered":"<p>Seit \u00fcber 20 Jahren gibt Thomas Heyer Gesangskurse f\u00fcr S\u00e4ngerinnen und S\u00e4nger und leitet Fortbildungen f\u00fcr GesangslehrerInnen. In weit \u00fcber 200 Kursen in vielen Teilen der Welt konnte er mehr mit unz\u00e4hligen S\u00e4ngerinnen und S\u00e4ngern aller Stimmf\u00e4cher aus folgenden L\u00e4ndern unterrichten: Armenien, Belgien, China, Deutschland, Frankreich, Italien, Japan, Kanada, Korea, Lettland, Neuseeland, Niederlande, Polen \u00d6sterreich,&#8230;<\/p>","protected":false},"author":1,"featured_media":0,"parent":0,"menu_order":0,"comment_status":"closed","ping_status":"closed","template":"","meta":{"_uag_custom_page_level_css":"","footnotes":""},"class_list":["post-1763","page","type-page","status-publish","hentry"],"uagb_featured_image_src":{"full":false,"thumbnail":false,"medium":false,"medium_large":false,"large":false,"1536x1536":false,"2048x2048":false,"trp-custom-language-flag":false},"uagb_author_info":{"display_name":"luisghrmnn@gmail.com","author_link":"https:\/\/thomasheyer.com\/en\/author\/luisghrmnngmail-com\/"},"uagb_comment_info":0,"uagb_excerpt":"Seit \u00fcber 20 Jahren gibt Thomas Heyer Gesangskurse f\u00fcr S\u00e4ngerinnen und S\u00e4nger und leitet Fortbildungen f\u00fcr GesangslehrerInnen. In weit \u00fcber 200 Kursen in vielen Teilen der Welt konnte er mehr mit unz\u00e4hligen S\u00e4ngerinnen und S\u00e4ngern aller Stimmf\u00e4cher aus folgenden L\u00e4ndern unterrichten: Armenien, Belgien, China, Deutschland, Frankreich, Italien, Japan, Kanada, Korea, Lettland, Neuseeland, Niederlande, Polen \u00d6sterreich,...","_links":{"self":[{"href":"https:\/\/thomasheyer.com\/en\/wp-json\/wp\/v2\/pages\/1763","targetHints":{"allow":["GET"]}}],"collection":[{"href":"https:\/\/thomasheyer.com\/en\/wp-json\/wp\/v2\/pages"}],"about":[{"href":"https:\/\/thomasheyer.com\/en\/wp-json\/wp\/v2\/types\/page"}],"author":[{"embeddable":true,"href":"https:\/\/thomasheyer.com\/en\/wp-json\/wp\/v2\/users\/1"}],"replies":[{"embeddable":true,"href":"https:\/\/thomasheyer.com\/en\/wp-json\/wp\/v2\/comments?post=1763"}],"version-history":[{"count":85,"href":"https:\/\/thomasheyer.com\/en\/wp-json\/wp\/v2\/pages\/1763\/revisions"}],"predecessor-version":[{"id":3012,"href":"https:\/\/thomasheyer.com\/en\/wp-json\/wp\/v2\/pages\/1763\/revisions\/3012"}],"wp:attachment":[{"href":"https:\/\/thomasheyer.com\/en\/wp-json\/wp\/v2\/media?parent=1763"}],"curies":[{"name":"wp","href":"https:\/\/api.w.org\/{rel}","templated":true}]}}