{"id":2852,"date":"2024-09-12T22:09:57","date_gmt":"2024-09-12T22:09:57","guid":{"rendered":"https:\/\/thomasheyer.com\/?page_id=2852"},"modified":"2024-11-28T15:54:54","modified_gmt":"2024-11-28T15:54:54","slug":"vita","status":"publish","type":"page","link":"https:\/\/thomasheyer.com\/en\/vita\/","title":{"rendered":"Vita"},"content":{"rendered":"\n<div class=\"wp-block-group has-global-padding is-layout-constrained wp-block-group-is-layout-constrained\">\n<div class=\"wp-block-group has-global-padding is-layout-constrained wp-container-core-group-is-layout-a763ec69 wp-block-group-is-layout-constrained\"><div class=\"trp-block-container\"><div class=\"trp_language_switcher_shortcode\">\n<div class=\"trp-language-switcher trp-language-switcher-container\" data-no-translation >\n    <div class=\"trp-ls-shortcode-current-language\">\n        <a href=\"#\" class=\"trp-ls-shortcode-disabled-language trp-ls-disabled-language\" title=\"English\" onclick=\"event.preventDefault()\">\n\t\t\t<img loading=\"lazy\" decoding=\"async\" class=\"trp-flag-image\" src=\"https:\/\/thomasheyer.com\/wp-content\/plugins\/translatepress-multilingual\/assets\/images\/flags\/en_US.png\" width=\"18\" height=\"12\" alt=\"en_US\" title=\"English\"> English\t\t<\/a>\n    <\/div>\n    <div class=\"trp-ls-shortcode-language\">\n                <a href=\"#\" class=\"trp-ls-shortcode-disabled-language trp-ls-disabled-language\"  title=\"English\" onclick=\"event.preventDefault()\">\n\t\t\t<img loading=\"lazy\" decoding=\"async\" class=\"trp-flag-image\" src=\"https:\/\/thomasheyer.com\/wp-content\/plugins\/translatepress-multilingual\/assets\/images\/flags\/en_US.png\" width=\"18\" height=\"12\" alt=\"en_US\" title=\"English\"> English\t\t<\/a>\n                    <a href=\"https:\/\/thomasheyer.com\/en\/wp-json\/wp\/v2\/pages\/2852#TRPLINKPROCESSED\" title=\"German\">\n            <img loading=\"lazy\" decoding=\"async\" class=\"trp-flag-image\" src=\"https:\/\/thomasheyer.com\/wp-content\/plugins\/translatepress-multilingual\/assets\/images\/flags\/de_DE.png\" width=\"18\" height=\"12\" alt=\"de_DE\" title=\"German\"> German        <\/a>\n\n        <\/div>\n    <script type=\"application\/javascript\">\n        \/\/ need to have the same with set from JS on both divs. Otherwise it can push stuff around in HTML\n        var trp_ls_shortcodes = document.querySelectorAll('.trp_language_switcher_shortcode .trp-language-switcher');\n        if ( trp_ls_shortcodes.length > 0) {\n            \/\/ get the last language switcher added\n            var trp_el = trp_ls_shortcodes[trp_ls_shortcodes.length - 1];\n\n            var trp_shortcode_language_item = trp_el.querySelector( '.trp-ls-shortcode-language' )\n            \/\/ set width\n            var trp_ls_shortcode_width                                               = trp_shortcode_language_item.offsetWidth + 16;\n            trp_shortcode_language_item.style.width                                  = trp_ls_shortcode_width + 'px';\n            trp_el.querySelector( '.trp-ls-shortcode-current-language' ).style.width = trp_ls_shortcode_width + 'px';\n\n            \/\/ We're putting this on display: none after we have its width.\n            trp_shortcode_language_item.style.display = 'none';\n        }\n    <\/script>\n<\/div>\n<\/div><\/div><\/div>\n<\/div>\n\n\n\n<div class=\"wp-block-group is-layout-flow wp-block-group-is-layout-flow\" style=\"border-top-style:none;border-top-width:0px;border-bottom-style:none;border-bottom-width:0px;padding-right:0px;padding-left:0px\">\n<div style=\"height:23px\" aria-hidden=\"true\" class=\"wp-block-spacer\"><\/div>\n\n\n\n<div class=\"wp-block-columns is-layout-flex wp-container-core-columns-is-layout-28f84493 wp-block-columns-is-layout-flex\">\n<div class=\"wp-block-column is-layout-flow wp-block-column-is-layout-flow\" style=\"flex-basis:15%\"><\/div>\n\n\n\n<div class=\"wp-block-column is-vertically-aligned-center is-layout-flow wp-block-column-is-layout-flow\" style=\"padding-right:var(--wp--preset--spacing--30);padding-left:var(--wp--preset--spacing--30);flex-basis:30%\">\n<div style=\"height:55px\" aria-hidden=\"true\" class=\"wp-block-spacer\"><\/div>\n\n\n\n<figure class=\"wp-block-image aligncenter size-full is-resized has-custom-border is-style-default\"><img loading=\"lazy\" decoding=\"async\" width=\"602\" height=\"903\" src=\"https:\/\/thomasheyer-com.preview-domain.com\/wp-content\/uploads\/2024\/06\/Profilbild.jpg\" alt=\"\" class=\"wp-image-1771\" style=\"border-radius:20px;width:500px\" srcset=\"https:\/\/thomasheyer.com\/wp-content\/uploads\/2024\/06\/Profilbild.jpg 602w, https:\/\/thomasheyer.com\/wp-content\/uploads\/2024\/06\/Profilbild-200x300.jpg 200w\" sizes=\"auto, (max-width: 602px) 100vw, 602px\" \/><\/figure>\n\n\n\n<div style=\"height:55px\" aria-hidden=\"true\" class=\"wp-block-spacer\"><\/div>\n<\/div>\n\n\n\n<div class=\"wp-block-column is-vertically-aligned-center is-layout-flow wp-container-core-column-is-layout-a85a3c4b wp-block-column-is-layout-flow\" style=\"padding-right:0px;padding-left:0px;flex-basis:45%\">\n<div class=\"wp-block-group is-layout-flow wp-block-group-is-layout-flow\" style=\"padding-right:var(--wp--preset--spacing--30);padding-left:var(--wp--preset--spacing--30)\">\n<p class=\"has-text-align-left\">Der Tenor Thomas Heyer stammt aus Waldniel am Niederrhein.<\/p>\n\n\n\n<p class=\"has-text-align-left\">Zun\u00e4chst studierte er in K\u00f6ln Schulmusik und Germanistik, dann folgte ein Studium in Gesang und Gesangsp\u00e4dagogik.<\/p>\n\n\n\n<p class=\"has-text-align-left\">Seine s\u00e4ngerische T\u00e4tigkeit f\u00fchrte ihn durch ganz Europa, Nordamerika und Afrika. Thomas Heyer wirkte in diversen Rundfunk\u2013 und Fernsehproduktionen mit. (WDR, BR, 3-Sat, HR, Arte, BfBS etc.) Hieraus entstanden auch einige CDs. Sein Repertoire umfasst im Konzertbereich die gro\u00dfen Oratorienpartien seines Fachs mit welchen er in nahezu allen gro\u00dfen europ\u00e4ischen Konzerts\u00e4len zu h\u00f6ren war und ist. Von den Bachschen Evangelisten \u00fcber den gesamten klassischen und\u00a0romantischen Sakralbereich bis hin zu Mahler \u201eDas Lied von der Erde\u201c, seiner 8. Symphonie und dem Verdi-Requiem. Auf der Opernb\u00fchne war er als Mozart-Tenor und in Belcanto-Opern zu erleben,\u00a0aktuell singt er Tenorpartien im dramatischen Fach.\u00a0\u00a0\u00a0\u00a0 Liederabende bilden einen weiteren Schwerpunkt in seinem k\u00fcnstlerischen Schaffen.<\/p>\n\n\n\n<p class=\"has-text-align-left\">Thomas Heyer unterrichtet leidenschaftlich seit \u00fcber 25 Jahren. Neben der Professur f\u00fcr Gesang an der Hochschule f\u00fcr Musik und darstellende Kunst Frankfurt am Main ist er Gastdozent an verschiedenen europ\u00e4ischen Hochschulen und leitet Meisterkurse in Deutschland, Italien, Slowenien, Frankreich, Polen, Neuseeland, Amerika und Kanada. Seine Sch\u00fclerinnen und Sch\u00fcler sind an verschiedenen internationalen Opernh\u00e4usern (Hamburgische Staatsoper, Bayrische Staatsoper, Wiener Staatsoper, Mail\u00e4nder Scala u.a.) engagiert, Preistr\u00e4gerInnen in internationalen Wettbewerben und DozentenInnen und ProfessorenInnen an Universit\u00e4ten und Hochschulen.<\/p>\n<\/div>\n<\/div>\n\n\n\n<div class=\"wp-block-column is-layout-flow wp-block-column-is-layout-flow\" style=\"flex-basis:10%\"><\/div>\n<\/div>\n\n\n\n<div style=\"height:20px\" aria-hidden=\"true\" class=\"wp-block-spacer\"><\/div>\n<\/div>\n","protected":false},"excerpt":{"rendered":"<p>Der Tenor Thomas Heyer stammt aus Waldniel am Niederrhein. Zun\u00e4chst studierte er in K\u00f6ln Schulmusik und Germanistik, dann folgte ein Studium in Gesang und Gesangsp\u00e4dagogik. Seine s\u00e4ngerische T\u00e4tigkeit f\u00fchrte ihn durch ganz Europa, Nordamerika und Afrika. Thomas Heyer wirkte in diversen Rundfunk\u2013 und Fernsehproduktionen mit. (WDR, BR, 3-Sat, HR, Arte, BfBS etc.) Hieraus entstanden auch&#8230;<\/p>","protected":false},"author":1,"featured_media":0,"parent":0,"menu_order":0,"comment_status":"closed","ping_status":"closed","template":"","meta":{"_uag_custom_page_level_css":"","footnotes":""},"class_list":["post-2852","page","type-page","status-publish","hentry"],"uagb_featured_image_src":{"full":false,"thumbnail":false,"medium":false,"medium_large":false,"large":false,"1536x1536":false,"2048x2048":false,"trp-custom-language-flag":false},"uagb_author_info":{"display_name":"luisghrmnn@gmail.com","author_link":"https:\/\/thomasheyer.com\/en\/author\/luisghrmnngmail-com\/"},"uagb_comment_info":0,"uagb_excerpt":"Der Tenor Thomas Heyer stammt aus Waldniel am Niederrhein. Zun\u00e4chst studierte er in K\u00f6ln Schulmusik und Germanistik, dann folgte ein Studium in Gesang und Gesangsp\u00e4dagogik. Seine s\u00e4ngerische T\u00e4tigkeit f\u00fchrte ihn durch ganz Europa, Nordamerika und Afrika. Thomas Heyer wirkte in diversen Rundfunk\u2013 und Fernsehproduktionen mit. (WDR, BR, 3-Sat, HR, Arte, BfBS etc.) Hieraus entstanden auch...","_links":{"self":[{"href":"https:\/\/thomasheyer.com\/en\/wp-json\/wp\/v2\/pages\/2852","targetHints":{"allow":["GET"]}}],"collection":[{"href":"https:\/\/thomasheyer.com\/en\/wp-json\/wp\/v2\/pages"}],"about":[{"href":"https:\/\/thomasheyer.com\/en\/wp-json\/wp\/v2\/types\/page"}],"author":[{"embeddable":true,"href":"https:\/\/thomasheyer.com\/en\/wp-json\/wp\/v2\/users\/1"}],"replies":[{"embeddable":true,"href":"https:\/\/thomasheyer.com\/en\/wp-json\/wp\/v2\/comments?post=2852"}],"version-history":[{"count":21,"href":"https:\/\/thomasheyer.com\/en\/wp-json\/wp\/v2\/pages\/2852\/revisions"}],"predecessor-version":[{"id":3048,"href":"https:\/\/thomasheyer.com\/en\/wp-json\/wp\/v2\/pages\/2852\/revisions\/3048"}],"wp:attachment":[{"href":"https:\/\/thomasheyer.com\/en\/wp-json\/wp\/v2\/media?parent=2852"}],"curies":[{"name":"wp","href":"https:\/\/api.w.org\/{rel}","templated":true}]}}