{"id":2957,"date":"2024-09-24T22:42:34","date_gmt":"2024-09-24T22:42:34","guid":{"rendered":"https:\/\/thomasheyer.com\/?page_id=2957"},"modified":"2024-09-24T22:51:24","modified_gmt":"2024-09-24T22:51:24","slug":"saenger-werden","status":"publish","type":"page","link":"https:\/\/thomasheyer.com\/en\/saenger-werden\/","title":{"rendered":"S\u00e4nger werden"},"content":{"rendered":"<div style=\"height:37px\" aria-hidden=\"true\" class=\"wp-block-spacer\"><\/div>\n\n\n\n<div class=\"wp-block-group is-layout-flow wp-block-group-is-layout-flow\">\n<h2 class=\"wp-block-heading has-text-align-center\">S\u00e4nger werden?<\/h2>\n\n\n\n<div class=\"wp-block-columns are-vertically-aligned-center is-layout-flex wp-container-core-columns-is-layout-1a2ddb66 wp-block-columns-is-layout-flex\" style=\"padding-right:var(--wp--preset--spacing--30);padding-left:var(--wp--preset--spacing--30)\">\n<div class=\"wp-block-column is-vertically-aligned-center is-layout-flow wp-block-column-is-layout-flow\" style=\"flex-basis:5%\"><\/div>\n\n\n\n<div class=\"wp-block-column is-vertically-aligned-center is-layout-flow wp-block-column-is-layout-flow\" style=\"flex-basis:56%\">\n<p>Sch\u00fcler aus unserer Gesangsklasse singen an gro\u00dfen internationalen Opernh\u00e4usern wie der Mail\u00e4nder Scala, der Bayerischen Staatsoper, Wiener Staatsoper&nbsp;&nbsp;oder der Hamburgischen Staatsoper. Einige sind Gesangslehrer mit wiederum tollen Sch\u00fclern geworden. Alle S\u00e4nger aus unserer Klasse arbeiten im Konzertgesch\u00e4ft und decken dort eine gro\u00dfe Bandbreite ab. F\u00fcr einen S\u00e4nger ist es wichtig, m\u00f6glichst vielseitig zu sein und dennoch die eigenen St\u00e4rken und Schw\u00e4chen zu kennen.&nbsp;&nbsp;&nbsp;&nbsp;In unserer Klasse wird die Gesangstechnik f\u00fcr klassischen Sologesang gelehrt und es ist besonders wichtig- nein, unerl\u00e4sslich, dass man f\u00fcr diesen Beruf brennt! In unserer Klasse erhalten Sie 4 mal in der Woche Unterricht: dreimal Gesangstechnik und eine Repertoireeinheit im Plenum. Zus\u00e4tzlich erg\u00e4nzen wir dies mit einem Lehrekarussell alle paar Wochen, zu dem wir online eine andere Gesangsklasse einladen, und hier jeweils zwei Sch\u00fcler vom jeweils anderen Lehrer unterrichtet werden. Dies alles wird von den anderen Lehrenden in der Gesangsabteilung sinnvoll erg\u00e4nzt. Dazu kommen Exkursionen und jede Menge Konzerte.<\/p>\n\n\n\n<div style=\"height:23px\" aria-hidden=\"true\" class=\"wp-block-spacer\"><\/div>\n<\/div>\n\n\n\n<div class=\"wp-block-column is-vertically-aligned-center is-layout-flow wp-block-column-is-layout-flow\" style=\"flex-basis:34%\">\n<figure class=\"wp-block-image aligncenter size-full\"><img loading=\"lazy\" decoding=\"async\" width=\"507\" height=\"545\" src=\"https:\/\/thomasheyer.com\/wp-content\/uploads\/2024\/07\/Schueler_Kontaktpage.webp\" alt=\"\" class=\"wp-image-2779\" srcset=\"https:\/\/thomasheyer.com\/wp-content\/uploads\/2024\/07\/Schueler_Kontaktpage.webp 507w, https:\/\/thomasheyer.com\/wp-content\/uploads\/2024\/07\/Schueler_Kontaktpage-279x300.webp 279w\" sizes=\"auto, (max-width: 507px) 100vw, 507px\" \/><\/figure>\n<\/div>\n\n\n\n<div class=\"wp-block-column is-vertically-aligned-center is-layout-flow wp-block-column-is-layout-flow\" style=\"flex-basis:5%\"><\/div>\n<\/div>\n<\/div>\n\n\n\n<div style=\"height:49px\" aria-hidden=\"true\" class=\"wp-block-spacer\"><\/div>\n\n\n\n<div class=\"wp-block-columns is-layout-flex wp-container-core-columns-is-layout-28f84493 wp-block-columns-is-layout-flex\">\n<div class=\"wp-block-column is-layout-flow wp-block-column-is-layout-flow\" style=\"flex-basis:20%\"><\/div>\n\n\n\n<div class=\"wp-block-column is-layout-flow wp-block-column-is-layout-flow\">\n<div class=\"wp-block-group has-tertiary-background-color has-background is-layout-flow wp-block-group-is-layout-flow\">\n<div style=\"height:17px\" aria-hidden=\"true\" class=\"wp-block-spacer\"><\/div>\n\n\n\n<p>Sie m\u00f6chten also S\u00e4ngerin oder S\u00e4nger werden? Sie m\u00f6chten Gesang studieren? Sie interessieren sich f\u00fcr einen Studienplatz in der Klasse von Professor Heyer?<\/p>\n\n\n\n<p>Zuvor gibt es einige Punkte, die Sie \u00fcberwiegend mit JA f\u00fcr sich selbst beantworten sollten:<\/p>\n\n\n\n<ul class=\"wp-block-list\">\n<li>Ich verf\u00fcge \u00fcber eine <strong>kr\u00e4ftige und gesunde Stimme<\/strong> und singe gern!<\/li>\n\n\n\n<li>Ich singe mit viel Lust <strong>solistisch vor Publikum<\/strong>!<\/li>\n\n\n\n<li>Ich lebe meine Musikalit\u00e4t durch <strong>Gesang aus und spiele gut Klavier<\/strong>!<\/li>\n\n\n\n<li>Ich verf\u00fcge \u00fcber einen <strong>gesunden K\u00f6rper<\/strong>, der auch gr\u00f6\u00dften Belastungen standh\u00e4lt. Ich wei\u00df, dass der S\u00e4ngerberuf k\u00f6rperlich sehr anstrengend ist.<\/li>\n\n\n\n<li>Ich verf\u00fcge \u00fcber eine <strong>stabile psychische Verfassung<\/strong> sowie Willenskraft und Ausdauer.<\/li>\n\n\n\n<li>Ich <strong>kann andere Leute begeistern<\/strong>. Mir wird oft gesagt, dass ich besonders sch\u00f6n singe!<\/li>\n\n\n\n<li>Ich habe eine gro\u00dfe<strong> Demut gegen\u00fcber Musik <\/strong>und blicke bescheiden, jedoch zu den Sternen greifend, in die Zukunft.<\/li>\n\n\n\n<li>Ich interessiere mich allgemein f\u00fcr<strong> Kunst und Kultur<\/strong> und bin ein <strong>kreativer Mensch<\/strong>.<\/li>\n\n\n\n<li>Ich bin gut in der <strong>Selbstorganisation<\/strong>, kann gut Strukturen f\u00fcr mich selbst herstellen und stelle mich gerne, auch kurzfristig, neuen Herausforderungen.<\/li>\n\n\n\n<li>Ich kann<strong> im Team arbeiten<\/strong>, aber eben auch ganz alleine vorne stehen und daf\u00fcr die <strong>Verantwortung tragen<\/strong>.<\/li>\n\n\n\n<li>Ich kann <strong>schnell und gut auswendig lernen<\/strong>, auch viele Noten in kurzer Zeit.<\/li>\n\n\n\n<li>Ich bin <strong>reiselustig<\/strong> und liebe Hotels, aufgrund von Proben und Auff\u00fchrungen bin ich gern unterwegs<\/li>\n\n\n\n<li>Ich mag Menschen aus <strong>vielen verschiedenen L\u00e4ndern<\/strong> und kann mich schnell neuen Situationen anpassen.<\/li>\n\n\n\n<li>Ich bin<strong> tolerant gegen\u00fcber anderen Positionen<\/strong>, ohne meine <strong>eigene \u00dcberzeugung<\/strong> verlassen zu m\u00fcssen.<\/li>\n\n\n\n<li>Ich interessiere mich nicht nur f\u00fcr meine eigene Stimme, sondern auch f\u00fcr andere Stimmen und <strong>die Pers\u00f6nlichkeiten hinter dem Klang<\/strong>.<\/li>\n\n\n\n<li>Ich kann mich Machtmissbrauch widersetzen und <strong>klare Grenzen ziehen<\/strong>.<\/li>\n\n\n\n<li>Ich <strong>bin ein Genie\u00dfer<\/strong> und mag Gesellschaft und die sch\u00f6nen Dinge des Lebens!<\/li>\n\n\n\n<li>Ich bin<strong> stressresistent<\/strong>. Selbst im gr\u00f6\u00dften L\u00e4rm um mich herum kann ich mich mit mir besch\u00e4ftigen und quasi auf Ansage entspannen.<\/li>\n<\/ul>\n\n\n\n<p>Falls Sie hier \u00fcberwiegend mit \u201eJa\u201c antworten k\u00f6nnen, besuchen Sie gerne den n\u00e4chsten Infotag f\u00fcr Gesang an der HFMDK.<\/p>\n\n\n\n<div style=\"height:17px\" aria-hidden=\"true\" class=\"wp-block-spacer\"><\/div>\n\n\n\n<div class=\"wp-block-buttons is-content-justification-center is-layout-flex wp-container-core-buttons-is-layout-a89b3969 wp-block-buttons-is-layout-flex\">\n<div class=\"wp-block-button\"><a class=\"wp-block-button__link has-base-color has-text-color has-link-color wp-element-button\" href=\"https:\/\/www.hfmdk-frankfurt.de\/thema\/infotag-gesang\">Anmeldung<\/a><\/div>\n<\/div>\n\n\n\n<div style=\"height:17px\" aria-hidden=\"true\" class=\"wp-block-spacer\"><\/div>\n<\/div>\n<\/div>\n\n\n\n<div class=\"wp-block-column is-layout-flow wp-block-column-is-layout-flow\" style=\"flex-basis:20%\"><\/div>\n<\/div>\n\n\n\n<div style=\"height:49px\" aria-hidden=\"true\" class=\"wp-block-spacer\"><\/div>","protected":false},"excerpt":{"rendered":"<p>S\u00e4nger werden? Sch\u00fcler aus unserer Gesangsklasse singen an gro\u00dfen internationalen Opernh\u00e4usern wie der Mail\u00e4nder Scala, der Bayerischen Staatsoper, Wiener Staatsoper&nbsp;&nbsp;oder der Hamburgischen Staatsoper. Einige sind Gesangslehrer mit wiederum tollen Sch\u00fclern geworden. Alle S\u00e4nger aus unserer Klasse arbeiten im Konzertgesch\u00e4ft und decken dort eine gro\u00dfe Bandbreite ab. F\u00fcr einen S\u00e4nger ist es wichtig, m\u00f6glichst vielseitig zu&#8230;<\/p>","protected":false},"author":1,"featured_media":0,"parent":0,"menu_order":0,"comment_status":"closed","ping_status":"closed","template":"","meta":{"_uag_custom_page_level_css":"","footnotes":""},"class_list":["post-2957","page","type-page","status-publish","hentry"],"uagb_featured_image_src":{"full":false,"thumbnail":false,"medium":false,"medium_large":false,"large":false,"1536x1536":false,"2048x2048":false,"trp-custom-language-flag":false},"uagb_author_info":{"display_name":"luisghrmnn@gmail.com","author_link":"https:\/\/thomasheyer.com\/en\/author\/luisghrmnngmail-com\/"},"uagb_comment_info":0,"uagb_excerpt":"S\u00e4nger werden? Sch\u00fcler aus unserer Gesangsklasse singen an gro\u00dfen internationalen Opernh\u00e4usern wie der Mail\u00e4nder Scala, der Bayerischen Staatsoper, Wiener Staatsoper&nbsp;&nbsp;oder der Hamburgischen Staatsoper. Einige sind Gesangslehrer mit wiederum tollen Sch\u00fclern geworden. Alle S\u00e4nger aus unserer Klasse arbeiten im Konzertgesch\u00e4ft und decken dort eine gro\u00dfe Bandbreite ab. F\u00fcr einen S\u00e4nger ist es wichtig, m\u00f6glichst vielseitig zu...","_links":{"self":[{"href":"https:\/\/thomasheyer.com\/en\/wp-json\/wp\/v2\/pages\/2957","targetHints":{"allow":["GET"]}}],"collection":[{"href":"https:\/\/thomasheyer.com\/en\/wp-json\/wp\/v2\/pages"}],"about":[{"href":"https:\/\/thomasheyer.com\/en\/wp-json\/wp\/v2\/types\/page"}],"author":[{"embeddable":true,"href":"https:\/\/thomasheyer.com\/en\/wp-json\/wp\/v2\/users\/1"}],"replies":[{"embeddable":true,"href":"https:\/\/thomasheyer.com\/en\/wp-json\/wp\/v2\/comments?post=2957"}],"version-history":[{"count":5,"href":"https:\/\/thomasheyer.com\/en\/wp-json\/wp\/v2\/pages\/2957\/revisions"}],"predecessor-version":[{"id":2967,"href":"https:\/\/thomasheyer.com\/en\/wp-json\/wp\/v2\/pages\/2957\/revisions\/2967"}],"wp:attachment":[{"href":"https:\/\/thomasheyer.com\/en\/wp-json\/wp\/v2\/media?parent=2957"}],"curies":[{"name":"wp","href":"https:\/\/api.w.org\/{rel}","templated":true}]}}